{"id":1040,"date":"2021-12-20T10:09:08","date_gmt":"2021-12-20T09:09:08","guid":{"rendered":"https:\/\/perigord.staging.mink-agency.com\/?page_id=1040"},"modified":"2021-12-20T10:47:36","modified_gmt":"2021-12-20T09:47:36","slug":"histoire","status":"publish","type":"page","link":"https:\/\/perigord.staging.mink-agency.com\/en\/histoire\/","title":{"rendered":"H\u00f4tel le P\u00e9rigord"},"content":{"rendered":"<!-- Section notre restaurant\n          ================================================== -->\n<!-- Image right -->\n<section id=\"bloc_image_droite_gauche-block_61c050ece49fd\" class=\"py-12 md:py-16 bloc_image_droite_gauche\">\n    <div class=\"grid grid-cols-1 md:grid-cols-2 items-center md:min-h-[80vh]\">\n        <!-- Texte -->\n        <div class=\"sm:text-center lg:text-left container pb-12 md:pb-8 md:pr-28 xl:pr-44 2xl:pr-72\">\n            <h2 class=\"text-4xl font-extrabold sm:text-5xl text-or\">\n                            <\/h2>\n                            <p class=\"mt-3 text-base text-gray-200 sm:mt-5 sm:text-lg sm:max-w-xl sm:mx-auto md:mt-5 md:text-xl lg:mx-0\">\n                    Cr\u00e9er en 1978 en tant que ferme auberge. Respectueuse de l\u2019architecture p\u00e9rigourdine traditionnelle. Construite en pierre locale reconnue au patrimoine p\u00e9rigourdin offre de beaux atouts \u00e0 la b\u00e2tisse. Les amoureux de vieilles pierres y sont combl\u00e9s, dans un cadre chaleureux et familiaux.<br \/>\r\n<br \/>\r\nEn 2006 Le P\u00e9rigord est rachet\u00e9 et \u00e9volue vers un h\u00f4tel trois \u00e9toiles.<br \/>\r\n<br \/>\r\nEn 2021 L\u2019h\u00f4tel est acquis par Monsieur Gauthier, d\u00e9j\u00e0 propri\u00e9taire du Ch\u00e2teau de Monrecour H\u00f4tel 4 \u00e9toiles. Il modernise et refonde l\u2019ensemble de l\u2019\u00e9tablissement. Cr\u00e9ant une nouvelle identit\u00e9 chaleureuse et conviviale                <\/p>\n                                <\/div>\n\n        <!-- Image -->\n        <div class=\"w-full h-full relative max-h-[40vh] md:max-h-[80vh]  md:row-start-1\">\n            <img width=\"1920\" height=\"1080\" src=\"https:\/\/perigord.staging.mink-agency.com\/app\/uploads\/2021\/12\/Hotel-Pe\u0301rigord-07.png\" class=\"absolute object-cover w-full h-full left-0 top-0\" alt=\"\" loading=\"lazy\" srcset=\"https:\/\/perigord.staging.mink-agency.com\/app\/uploads\/2021\/12\/Hotel-Pe\u0301rigord-07.png 1920w, https:\/\/perigord.staging.mink-agency.com\/app\/uploads\/2021\/12\/Hotel-Pe\u0301rigord-07-300x169.png 300w, https:\/\/perigord.staging.mink-agency.com\/app\/uploads\/2021\/12\/Hotel-Pe\u0301rigord-07-1024x576.png 1024w, https:\/\/perigord.staging.mink-agency.com\/app\/uploads\/2021\/12\/Hotel-Pe\u0301rigord-07-768x432.png 768w, https:\/\/perigord.staging.mink-agency.com\/app\/uploads\/2021\/12\/Hotel-Pe\u0301rigord-07-1536x864.png 1536w\" sizes=\"(max-width: 1920px) 100vw, 1920px\" \/>        <\/div>\n    <\/div>\n<\/section>","protected":false},"excerpt":{"rendered":"","protected":false},"author":1,"featured_media":1021,"parent":0,"menu_order":0,"comment_status":"closed","ping_status":"closed","template":"","meta":[],"acf":[],"_links":{"self":[{"href":"https:\/\/perigord.staging.mink-agency.com\/en\/wp-json\/wp\/v2\/pages\/1040"}],"collection":[{"href":"https:\/\/perigord.staging.mink-agency.com\/en\/wp-json\/wp\/v2\/pages"}],"about":[{"href":"https:\/\/perigord.staging.mink-agency.com\/en\/wp-json\/wp\/v2\/types\/page"}],"author":[{"embeddable":true,"href":"https:\/\/perigord.staging.mink-agency.com\/en\/wp-json\/wp\/v2\/users\/1"}],"replies":[{"embeddable":true,"href":"https:\/\/perigord.staging.mink-agency.com\/en\/wp-json\/wp\/v2\/comments?post=1040"}],"version-history":[{"count":6,"href":"https:\/\/perigord.staging.mink-agency.com\/en\/wp-json\/wp\/v2\/pages\/1040\/revisions"}],"predecessor-version":[{"id":1056,"href":"https:\/\/perigord.staging.mink-agency.com\/en\/wp-json\/wp\/v2\/pages\/1040\/revisions\/1056"}],"wp:featuredmedia":[{"embeddable":true,"href":"https:\/\/perigord.staging.mink-agency.com\/en\/wp-json\/wp\/v2\/media\/1021"}],"wp:attachment":[{"href":"https:\/\/perigord.staging.mink-agency.com\/en\/wp-json\/wp\/v2\/media?parent=1040"}],"curies":[{"name":"wp","href":"https:\/\/api.w.org\/{rel}","templated":true}]}}