{"id":1265,"date":"2023-05-29T11:06:48","date_gmt":"2023-05-29T09:06:48","guid":{"rendered":"https:\/\/perigord.staging.mink-agency.com\/?page_id=1265"},"modified":"2023-08-28T10:48:31","modified_gmt":"2023-08-28T08:48:31","slug":"bar","status":"publish","type":"page","link":"https:\/\/perigord.staging.mink-agency.com\/en\/bar\/","title":{"rendered":"Bar"},"content":{"rendered":"<!-- Section notre restaurant\n          ================================================== -->\n<!-- Image right -->\n<section id=\"bloc_image_droite_gauche-block_61c049750c193\" class=\"py-12 md:py-16 bloc_image_droite_gauche\">\n    <div class=\"grid grid-cols-1 md:grid-cols-2 items-center md:min-h-[80vh]\">\n        <!-- Texte -->\n        <div class=\"sm:text-center lg:text-left container pb-12 md:pb-8 md:pr-28 xl:pr-44 2xl:pr-72\">\n            <h2 class=\"text-4xl font-extrabold sm:text-5xl text-or\">\n                Notre bar vous accueille tous les jours du lundi au dimanche            <\/h2>\n                            <p class=\"mt-3 text-base text-gray-200 sm:mt-5 sm:text-lg sm:max-w-xl sm:mx-auto md:mt-5 md:text-xl lg:mx-0\">\n                    Nous proposons des cocktails vari\u00e9s avec ou sans alcool !<br \/>\r\nVous y retrouverez une cr\u00e9ativit\u00e9 exacerb\u00e9e et des produits locaux                 <\/p>\n                                    <div class=\"mt-5 sm:mt-8 sm:flex sm:justify-center lg:justify-start space-x-4\">\n                <a href=\"https:\/\/perigord.staging.mink-agency.com\/en\/app\/uploads\/2023\/05\/PREZ-CHEFAIM-UGC.pdf\/\"\n                   class=\"btn bg-or hover:bg-or-hover mt-5 sm:mt-8\"\n                    target=\"_blank\">\n                    Voir la carte                <\/a>\n            <\/div>\n                    <\/div>\n\n        <!-- Image -->\n        <div class=\"w-full h-full relative max-h-[40vh] md:max-h-[80vh]  md:row-start-1\">\n            <img width=\"2560\" height=\"1707\" src=\"https:\/\/perigord.staging.mink-agency.com\/app\/uploads\/2021\/11\/edvin-johansson-rlwE8f8anOc-unsplash-scaled.jpg\" class=\"absolute object-cover w-full h-full left-0 top-0\" alt=\"\" loading=\"lazy\" srcset=\"https:\/\/perigord.staging.mink-agency.com\/app\/uploads\/2021\/11\/edvin-johansson-rlwE8f8anOc-unsplash-scaled.jpg 2560w, https:\/\/perigord.staging.mink-agency.com\/app\/uploads\/2021\/11\/edvin-johansson-rlwE8f8anOc-unsplash-300x200.jpg 300w, https:\/\/perigord.staging.mink-agency.com\/app\/uploads\/2021\/11\/edvin-johansson-rlwE8f8anOc-unsplash-1024x683.jpg 1024w, https:\/\/perigord.staging.mink-agency.com\/app\/uploads\/2021\/11\/edvin-johansson-rlwE8f8anOc-unsplash-768x512.jpg 768w, https:\/\/perigord.staging.mink-agency.com\/app\/uploads\/2021\/11\/edvin-johansson-rlwE8f8anOc-unsplash-1536x1024.jpg 1536w, https:\/\/perigord.staging.mink-agency.com\/app\/uploads\/2021\/11\/edvin-johansson-rlwE8f8anOc-unsplash-2048x1365.jpg 2048w, https:\/\/perigord.staging.mink-agency.com\/app\/uploads\/2021\/11\/edvin-johansson-rlwE8f8anOc-unsplash-600x400.jpg 600w\" sizes=\"(max-width: 2560px) 100vw, 2560px\" \/>        <\/div>\n    <\/div>\n<\/section>","protected":false},"excerpt":{"rendered":"","protected":false},"author":1,"featured_media":897,"parent":0,"menu_order":0,"comment_status":"closed","ping_status":"closed","template":"","meta":[],"acf":[],"_links":{"self":[{"href":"https:\/\/perigord.staging.mink-agency.com\/en\/wp-json\/wp\/v2\/pages\/1265"}],"collection":[{"href":"https:\/\/perigord.staging.mink-agency.com\/en\/wp-json\/wp\/v2\/pages"}],"about":[{"href":"https:\/\/perigord.staging.mink-agency.com\/en\/wp-json\/wp\/v2\/types\/page"}],"author":[{"embeddable":true,"href":"https:\/\/perigord.staging.mink-agency.com\/en\/wp-json\/wp\/v2\/users\/1"}],"replies":[{"embeddable":true,"href":"https:\/\/perigord.staging.mink-agency.com\/en\/wp-json\/wp\/v2\/comments?post=1265"}],"version-history":[{"count":19,"href":"https:\/\/perigord.staging.mink-agency.com\/en\/wp-json\/wp\/v2\/pages\/1265\/revisions"}],"predecessor-version":[{"id":1395,"href":"https:\/\/perigord.staging.mink-agency.com\/en\/wp-json\/wp\/v2\/pages\/1265\/revisions\/1395"}],"wp:featuredmedia":[{"embeddable":true,"href":"https:\/\/perigord.staging.mink-agency.com\/en\/wp-json\/wp\/v2\/media\/897"}],"wp:attachment":[{"href":"https:\/\/perigord.staging.mink-agency.com\/en\/wp-json\/wp\/v2\/media?parent=1265"}],"curies":[{"name":"wp","href":"https:\/\/api.w.org\/{rel}","templated":true}]}}