{"id":1306,"date":"2023-07-05T09:14:13","date_gmt":"2023-07-05T07:14:13","guid":{"rendered":"https:\/\/perigord.staging.mink-agency.com\/?page_id=1306"},"modified":"2023-07-17T14:32:05","modified_gmt":"2023-07-17T12:32:05","slug":"fitness-wellness","status":"publish","type":"page","link":"https:\/\/perigord.staging.mink-agency.com\/en\/fitness-wellness\/","title":{"rendered":"Fitness &#038; Wellness"},"content":{"rendered":"<!-- Section notre restaurant\n          ================================================== -->\n<!-- Image right -->\n<section id=\"bloc_image_droite_gauche-block_64a53b0683a63\" class=\"py-12 md:py-16 bloc_image_droite_gauche\">\n    <div class=\"grid grid-cols-1 md:grid-cols-2 items-center md:min-h-[80vh]\">\n        <!-- Texte -->\n        <div class=\"sm:text-center lg:text-left container pb-12 md:pb-8 md:pr-28 xl:pr-44 2xl:pr-72\">\n            <h2 class=\"text-4xl font-extrabold sm:text-5xl text-or\">\n                Retrouvez notre nouvelle salle de sport            <\/h2>\n                            <p class=\"mt-3 text-base text-gray-200 sm:mt-5 sm:text-lg sm:max-w-xl sm:mx-auto md:mt-5 md:text-xl lg:mx-0\">\n                    Venez faire votre s\u00e9ance de sport avant de passer \u00e0 table, toutes les derni\u00e8res machines sont \u00e0 votre disposition pour que votre s\u00e9ance se d\u00e9roule au mieux (cardio, force, yoga, pilate)                <\/p>\n                                <\/div>\n\n        <!-- Image -->\n        <div class=\"w-full h-full relative max-h-[40vh] md:max-h-[80vh]  md:row-start-1\">\n            <img width=\"2560\" height=\"1880\" src=\"https:\/\/perigord.staging.mink-agency.com\/app\/uploads\/2021\/11\/jamie-street-JPyRvvUnQjU-unsplash-scaled.jpg\" class=\"absolute object-cover w-full h-full left-0 top-0\" alt=\"\" loading=\"lazy\" srcset=\"https:\/\/perigord.staging.mink-agency.com\/app\/uploads\/2021\/11\/jamie-street-JPyRvvUnQjU-unsplash-scaled.jpg 2560w, https:\/\/perigord.staging.mink-agency.com\/app\/uploads\/2021\/11\/jamie-street-JPyRvvUnQjU-unsplash-300x220.jpg 300w, https:\/\/perigord.staging.mink-agency.com\/app\/uploads\/2021\/11\/jamie-street-JPyRvvUnQjU-unsplash-1024x752.jpg 1024w, https:\/\/perigord.staging.mink-agency.com\/app\/uploads\/2021\/11\/jamie-street-JPyRvvUnQjU-unsplash-768x564.jpg 768w, https:\/\/perigord.staging.mink-agency.com\/app\/uploads\/2021\/11\/jamie-street-JPyRvvUnQjU-unsplash-1536x1128.jpg 1536w, https:\/\/perigord.staging.mink-agency.com\/app\/uploads\/2021\/11\/jamie-street-JPyRvvUnQjU-unsplash-2048x1504.jpg 2048w\" sizes=\"(max-width: 2560px) 100vw, 2560px\" \/>        <\/div>\n    <\/div>\n<\/section>\n\n\n<style>\n    .card-container{\n        height: 100%!important;\n        margin: 0px 15px;\n        z-index: 0;\n        position: relative;\n        cursor: pointer;\n    }\n    .card-img{\n        height: 100%!important;\n        width: 100%!important;\n        object-fit: cover;\n        object-position: center;\n        aspect-ratio: 1\/1;\n        z-index: 5;\n    }\n    .card-hover{\n        z-index: 10;\n        position: absolute;\n        width: 100%;\n        height: 100%;\n        display: flex;\n        align-items: center;\n        justify-content: center;\n        text-align: center;\n        padding: 0 30px;\n        background-color: rgba(0, 0, 0, 0.7);\n        color: white;\n        top: 0;\n        left: 0;\n        opacity: .75;\n        transition: all 0.1s ease-in;\n        font-size: 20px;\n    }\n\n    .card-hover p {\n        padding: 0!important;\n        margin: 0!important;\n    }\n\n    .card-hover:hover{\n        opacity: 1;\n    }\n\n    @media (max-width: 650px) {\n        .card-hover{\n            bottom:0;\n            height: fit-content;\n            padding: 20px;\n            opacity: 1;\n            top: auto;\n            font-size: 16px;\n        }\n    }\n\n\n<\/style>\n\n<section id=\"bloc_slider_actus-block_64b534bcf7015\" class=\"container mx-auto py-12 md:py-16 bloc_slider_actus\">\n    <h2 class=\"text-4xl font-extrabold text-or\">\n        \u00c0 d\u00e9couvrir \u00e9galement&#8230;    <\/h2>\n    <div class=\"slider-actus\">\n        \n            <a href=\"https:\/\/perigord.staging.mink-agency.com\/en\/fitness-wellness\/\">\n                <div class=\"card-container\">\n                    <img width=\"1920\" height=\"1440\" src=\"https:\/\/perigord.staging.mink-agency.com\/app\/uploads\/2021\/11\/Tennis.jpg\" class=\"card-img\" alt=\"\" loading=\"lazy\" srcset=\"https:\/\/perigord.staging.mink-agency.com\/app\/uploads\/2021\/11\/Tennis.jpg 1920w, https:\/\/perigord.staging.mink-agency.com\/app\/uploads\/2021\/11\/Tennis-300x225.jpg 300w, https:\/\/perigord.staging.mink-agency.com\/app\/uploads\/2021\/11\/Tennis-1024x768.jpg 1024w, https:\/\/perigord.staging.mink-agency.com\/app\/uploads\/2021\/11\/Tennis-768x576.jpg 768w, https:\/\/perigord.staging.mink-agency.com\/app\/uploads\/2021\/11\/Tennis-1536x1152.jpg 1536w\" sizes=\"(max-width: 1920px) 100vw, 1920px\" \/>                    <div class=\"card-hover\">\n                        <p>Initiation tennis avec un prof professionnel<\/p>\n                    <\/div>\n                <\/div>\n            <\/a>\n        \n            <a href=\"https:\/\/perigord.staging.mink-agency.com\/en\/services\/petit-dejeuner\/\">\n                <div class=\"card-container\">\n                    <img width=\"2560\" height=\"1707\" src=\"https:\/\/perigord.staging.mink-agency.com\/app\/uploads\/2021\/11\/rachel-park-hrlvr2ZlUNk-unsplash-scaled.jpg\" class=\"card-img\" alt=\"\" loading=\"lazy\" srcset=\"https:\/\/perigord.staging.mink-agency.com\/app\/uploads\/2021\/11\/rachel-park-hrlvr2ZlUNk-unsplash-scaled.jpg 2560w, https:\/\/perigord.staging.mink-agency.com\/app\/uploads\/2021\/11\/rachel-park-hrlvr2ZlUNk-unsplash-300x200.jpg 300w, https:\/\/perigord.staging.mink-agency.com\/app\/uploads\/2021\/11\/rachel-park-hrlvr2ZlUNk-unsplash-1024x683.jpg 1024w, https:\/\/perigord.staging.mink-agency.com\/app\/uploads\/2021\/11\/rachel-park-hrlvr2ZlUNk-unsplash-768x512.jpg 768w, https:\/\/perigord.staging.mink-agency.com\/app\/uploads\/2021\/11\/rachel-park-hrlvr2ZlUNk-unsplash-1536x1024.jpg 1536w, https:\/\/perigord.staging.mink-agency.com\/app\/uploads\/2021\/11\/rachel-park-hrlvr2ZlUNk-unsplash-2048x1365.jpg 2048w, https:\/\/perigord.staging.mink-agency.com\/app\/uploads\/2021\/11\/rachel-park-hrlvr2ZlUNk-unsplash-600x400.jpg 600w\" sizes=\"(max-width: 2560px) 100vw, 2560px\" \/>                    <div class=\"card-hover\">\n                        <p>Petit dej offert tous les premiers dimanche du mois<\/p>\n                    <\/div>\n                <\/div>\n            <\/a>\n        \n            <a href=\"https:\/\/perigord.staging.mink-agency.com\/en\/histoire\/\">\n                <div class=\"card-container\">\n                    <img width=\"2560\" height=\"1707\" src=\"https:\/\/perigord.staging.mink-agency.com\/app\/uploads\/2021\/11\/edvin-johansson-rlwE8f8anOc-unsplash-scaled.jpg\" class=\"card-img\" alt=\"\" loading=\"lazy\" srcset=\"https:\/\/perigord.staging.mink-agency.com\/app\/uploads\/2021\/11\/edvin-johansson-rlwE8f8anOc-unsplash-scaled.jpg 2560w, https:\/\/perigord.staging.mink-agency.com\/app\/uploads\/2021\/11\/edvin-johansson-rlwE8f8anOc-unsplash-300x200.jpg 300w, https:\/\/perigord.staging.mink-agency.com\/app\/uploads\/2021\/11\/edvin-johansson-rlwE8f8anOc-unsplash-1024x683.jpg 1024w, https:\/\/perigord.staging.mink-agency.com\/app\/uploads\/2021\/11\/edvin-johansson-rlwE8f8anOc-unsplash-768x512.jpg 768w, https:\/\/perigord.staging.mink-agency.com\/app\/uploads\/2021\/11\/edvin-johansson-rlwE8f8anOc-unsplash-1536x1024.jpg 1536w, https:\/\/perigord.staging.mink-agency.com\/app\/uploads\/2021\/11\/edvin-johansson-rlwE8f8anOc-unsplash-2048x1365.jpg 2048w, https:\/\/perigord.staging.mink-agency.com\/app\/uploads\/2021\/11\/edvin-johansson-rlwE8f8anOc-unsplash-600x400.jpg 600w\" sizes=\"(max-width: 2560px) 100vw, 2560px\" \/>                    <div class=\"card-hover\">\n                        <p>Vue imprenable sur la nature<\/p>\n                    <\/div>\n                <\/div>\n            <\/a>\n        \n            <a href=\"https:\/\/perigord.staging.mink-agency.com\/en\/spa-massage\/\">\n                <div class=\"card-container\">\n                    <img width=\"2560\" height=\"1707\" src=\"https:\/\/perigord.staging.mink-agency.com\/app\/uploads\/2021\/11\/william-farlow-IevaZPwq0mw-unsplash-scaled.jpg\" class=\"card-img\" alt=\"\" loading=\"lazy\" srcset=\"https:\/\/perigord.staging.mink-agency.com\/app\/uploads\/2021\/11\/william-farlow-IevaZPwq0mw-unsplash-scaled.jpg 2560w, https:\/\/perigord.staging.mink-agency.com\/app\/uploads\/2021\/11\/william-farlow-IevaZPwq0mw-unsplash-300x200.jpg 300w, https:\/\/perigord.staging.mink-agency.com\/app\/uploads\/2021\/11\/william-farlow-IevaZPwq0mw-unsplash-1024x683.jpg 1024w, https:\/\/perigord.staging.mink-agency.com\/app\/uploads\/2021\/11\/william-farlow-IevaZPwq0mw-unsplash-768x512.jpg 768w, https:\/\/perigord.staging.mink-agency.com\/app\/uploads\/2021\/11\/william-farlow-IevaZPwq0mw-unsplash-1536x1024.jpg 1536w, https:\/\/perigord.staging.mink-agency.com\/app\/uploads\/2021\/11\/william-farlow-IevaZPwq0mw-unsplash-2048x1365.jpg 2048w, https:\/\/perigord.staging.mink-agency.com\/app\/uploads\/2021\/11\/william-farlow-IevaZPwq0mw-unsplash-600x400.jpg 600w\" sizes=\"(max-width: 2560px) 100vw, 2560px\" \/>                    <div class=\"card-hover\">\n                        <p>Cours de yoga detente<\/p>\n                    <\/div>\n                <\/div>\n            <\/a>\n        \n            <a href=\"https:\/\/perigord.staging.mink-agency.com\/en\/services\/piscine\/\">\n                <div class=\"card-container\">\n                    <img width=\"600\" height=\"398\" src=\"https:\/\/perigord.staging.mink-agency.com\/app\/uploads\/2021\/12\/depositphotos_14005781-stock-photo-happy-smiling-family-underwater-in.webp\" class=\"card-img\" alt=\"\" loading=\"lazy\" srcset=\"https:\/\/perigord.staging.mink-agency.com\/app\/uploads\/2021\/12\/depositphotos_14005781-stock-photo-happy-smiling-family-underwater-in.webp 600w, https:\/\/perigord.staging.mink-agency.com\/app\/uploads\/2021\/12\/depositphotos_14005781-stock-photo-happy-smiling-family-underwater-in-300x199.webp 300w\" sizes=\"(max-width: 600px) 100vw, 600px\" \/>                    <div class=\"card-hover\">\n                        <p>Amusement maximal dans la piscine<\/p>\n                    <\/div>\n                <\/div>\n            <\/a>\n            <\/div>\n<\/section>\n\n<script>\n    (function ($, root, undefined) {\n        var initializeBlockActus = function ($block) {\n            $block.slick({\n                dots: false,\n                adaptiveHeight: true,\n                infinite: true,\n                speed: 1000,\n                slidesToShow: 4,\n                autoplay: true,\n                arrows: false,\n                autoplaySpeed: 1500,\n                fade: false,\n                responsive: [\n                    {\n                        breakpoint: 1024,\n                        settings: {\n                            slidesToShow: 2,\n                        }\n                    },\n                    {\n                        breakpoint: 768,\n                        settings: {\n                            slidesToShow: 1,\n                        }\n                    },\n                ]\n            });\n        }\n\n        $(document).ready(function () {\n            $('.slider-actus').each(function () {\n                initializeBlockActus($(this));\n            });\n        });\n    })(jQuery, this);\n\n<\/script>","protected":false},"excerpt":{"rendered":"","protected":false},"author":1,"featured_media":1127,"parent":0,"menu_order":0,"comment_status":"closed","ping_status":"closed","template":"","meta":[],"acf":[],"_links":{"self":[{"href":"https:\/\/perigord.staging.mink-agency.com\/en\/wp-json\/wp\/v2\/pages\/1306"}],"collection":[{"href":"https:\/\/perigord.staging.mink-agency.com\/en\/wp-json\/wp\/v2\/pages"}],"about":[{"href":"https:\/\/perigord.staging.mink-agency.com\/en\/wp-json\/wp\/v2\/types\/page"}],"author":[{"embeddable":true,"href":"https:\/\/perigord.staging.mink-agency.com\/en\/wp-json\/wp\/v2\/users\/1"}],"replies":[{"embeddable":true,"href":"https:\/\/perigord.staging.mink-agency.com\/en\/wp-json\/wp\/v2\/comments?post=1306"}],"version-history":[{"count":8,"href":"https:\/\/perigord.staging.mink-agency.com\/en\/wp-json\/wp\/v2\/pages\/1306\/revisions"}],"predecessor-version":[{"id":1385,"href":"https:\/\/perigord.staging.mink-agency.com\/en\/wp-json\/wp\/v2\/pages\/1306\/revisions\/1385"}],"wp:featuredmedia":[{"embeddable":true,"href":"https:\/\/perigord.staging.mink-agency.com\/en\/wp-json\/wp\/v2\/media\/1127"}],"wp:attachment":[{"href":"https:\/\/perigord.staging.mink-agency.com\/en\/wp-json\/wp\/v2\/media?parent=1306"}],"curies":[{"name":"wp","href":"https:\/\/api.w.org\/{rel}","templated":true}]}}