{"id":146,"date":"2021-11-22T10:33:00","date_gmt":"2021-11-22T09:33:00","guid":{"rendered":"https:\/\/staging.perigord.mink-agency.com\/?page_id=146"},"modified":"2021-12-26T14:08:48","modified_gmt":"2021-12-26T13:08:48","slug":"seminaires","status":"publish","type":"page","link":"https:\/\/perigord.staging.mink-agency.com\/en\/seminaires\/","title":{"rendered":"Nos s\u00e9minaires"},"content":{"rendered":"<!-- Section titre + texte\n    ================================================== -->\n<section class=\"py-12 md:py-28\" id=\"apropos\">\n\n    <div class=\"container mx-auto sm:px-4\">\n        <div class=\"flex flex-wrap  justify-center\">\n            <div class=\"w-full md:w-4\/5 pr-4 pl-4 lg:w-2\/3 pr-4 pl-4 text-center\">\n\n                <!-- Badge -->\n                <span class=\"text-sm uppercase text-or\">\n                    S\u00e9minaire                <\/span>\n\n                <!-- Heading -->\n                <h2 class=\"pt-2 pb-4\">\n                     Des s\u00e9minaires sur mesure                <\/h2>\n\n                <!-- Text -->\n                <p class=\"opacity-90\">\n                    De vos r\u00e9unions de travail au lancement de produits, l&rsquo;h\u00f4tel Le P\u00e9rigord saura organiser vos \u00e9v\u00e8nements.                <\/p>\n            <\/div>\n        <\/div>\n    <\/div>\n<\/section>\n\n\n\n<!-- Section slider\n          ================================================== -->\n<section id=\"bloc_slider_seminaire-block_619cac145a65b\" class=\"bloc-piment py-12 md:py-16 bloc_slider_seminaire\">\n    <div class=\"slider\">\n        \n            <div class=\"max-h-[40vh] md:max-h-[60vh] h-[40vh] md:h-[60vh]\">\n                <img width=\"2560\" height=\"1385\" src=\"https:\/\/perigord.staging.mink-agency.com\/app\/uploads\/2021\/11\/samuel-pereira-uf2nnANWa8Q-unsplash-scaled.jpg\" class=\"object-cover object-center h-full w-full inset-0\" alt=\"\" loading=\"lazy\" srcset=\"https:\/\/perigord.staging.mink-agency.com\/app\/uploads\/2021\/11\/samuel-pereira-uf2nnANWa8Q-unsplash-scaled.jpg 2560w, https:\/\/perigord.staging.mink-agency.com\/app\/uploads\/2021\/11\/samuel-pereira-uf2nnANWa8Q-unsplash-300x162.jpg 300w, https:\/\/perigord.staging.mink-agency.com\/app\/uploads\/2021\/11\/samuel-pereira-uf2nnANWa8Q-unsplash-1024x554.jpg 1024w, https:\/\/perigord.staging.mink-agency.com\/app\/uploads\/2021\/11\/samuel-pereira-uf2nnANWa8Q-unsplash-768x415.jpg 768w, https:\/\/perigord.staging.mink-agency.com\/app\/uploads\/2021\/11\/samuel-pereira-uf2nnANWa8Q-unsplash-1536x831.jpg 1536w, https:\/\/perigord.staging.mink-agency.com\/app\/uploads\/2021\/11\/samuel-pereira-uf2nnANWa8Q-unsplash-2048x1108.jpg 2048w\" sizes=\"(max-width: 2560px) 100vw, 2560px\" \/>            <\/div>\n        \n            <div class=\"max-h-[40vh] md:max-h-[60vh] h-[40vh] md:h-[60vh]\">\n                <img width=\"2560\" height=\"1440\" src=\"https:\/\/perigord.staging.mink-agency.com\/app\/uploads\/2021\/11\/stem-list-EVgsAbL51Rk-unsplash-scaled.jpg\" class=\"object-cover object-center h-full w-full inset-0\" alt=\"\" loading=\"lazy\" srcset=\"https:\/\/perigord.staging.mink-agency.com\/app\/uploads\/2021\/11\/stem-list-EVgsAbL51Rk-unsplash-scaled.jpg 2560w, https:\/\/perigord.staging.mink-agency.com\/app\/uploads\/2021\/11\/stem-list-EVgsAbL51Rk-unsplash-300x169.jpg 300w, https:\/\/perigord.staging.mink-agency.com\/app\/uploads\/2021\/11\/stem-list-EVgsAbL51Rk-unsplash-1024x576.jpg 1024w, https:\/\/perigord.staging.mink-agency.com\/app\/uploads\/2021\/11\/stem-list-EVgsAbL51Rk-unsplash-768x432.jpg 768w, https:\/\/perigord.staging.mink-agency.com\/app\/uploads\/2021\/11\/stem-list-EVgsAbL51Rk-unsplash-1536x864.jpg 1536w, https:\/\/perigord.staging.mink-agency.com\/app\/uploads\/2021\/11\/stem-list-EVgsAbL51Rk-unsplash-2048x1152.jpg 2048w\" sizes=\"(max-width: 2560px) 100vw, 2560px\" \/>            <\/div>\n            <\/div>\n<\/section>\n\n\n<!-- S\u00c9MINAIRES\n    ================================================== -->\n<section class=\"pb-8 md:pb-10 -mt-40\">\n    <div class=\"container\">\n        <div class=\"bg-[#000000] rounded-xl px-4 xl:px-20 py-8 flex flex-col justify-center w-1\/10\" data-aos=\"fade-up\"\n             data-aos-delay=\"-150\">\n            <!-- Heading -->\n            <h2 class=\"display-4 text-center pb-6 md:max-w-3xl mx-auto\">\n                Notre \u00e9quipe est \u00e0 votre \u00e9coute pour organiser vos journ\u00e9es d\u2019\u00e9tudes et vos s\u00e9minaires r\u00e9sidentiel.             <\/h2>\n\n            <!-- Text -->\n            <p class=\"font-size-lg opacity-90 text-center pb-12\">\n                En plein c\u0153ur d triangle d&rsquo;or de la vall\u00e9e de la Dordogne proche de la gare de Saint-Cyprien et de Sarlat, de l&rsquo;autoroute A89 et A20,<br \/>\r\nl&rsquo;h\u00f4tel Le P\u00e9rigord a une capacit\u00e9 de 40 chambres, alliant confort et modernisme.<br \/>\r\n<br \/>\r\nSur place, notre restaurant viendra parfaire la r\u00e9ussite de vos journ\u00e9es de travail.             <\/p>\n\n            <div class=\"grid grid-cols-1 md:grid-cols-2 gap-8 mb-6 px-4 md:px-8\">\n                \n                    <div class=\"flex items-center\">\n                        <!-- Check -->\n                        <div class=\"bg-or rounded-full w-6 h-6 min-w-[24px] flex items-center justify-center\">\n                            <i class=\"fe fe-check\"><\/i>\n                        <\/div>\n\n                        <!-- Text -->\n                        <p class=\"text-or p-0 pt-1 pl-3\">\n                            Salle modulable de 200 m\u00b2                        <\/p>\n                    <\/div>\n\n                \n                    <div class=\"flex items-center\">\n                        <!-- Check -->\n                        <div class=\"bg-or rounded-full w-6 h-6 min-w-[24px] flex items-center justify-center\">\n                            <i class=\"fe fe-check\"><\/i>\n                        <\/div>\n\n                        <!-- Text -->\n                        <p class=\"text-or p-0 pt-1 pl-3\">\n                            Salle climatis\u00e9e et insonoris\u00e9e                        <\/p>\n                    <\/div>\n\n                \n                    <div class=\"flex items-center\">\n                        <!-- Check -->\n                        <div class=\"bg-or rounded-full w-6 h-6 min-w-[24px] flex items-center justify-center\">\n                            <i class=\"fe fe-check\"><\/i>\n                        <\/div>\n\n                        <!-- Text -->\n                        <p class=\"text-or p-0 pt-1 pl-3\">\n                            Journ\u00e9e d\u2019\u00e9tude, forfait r\u00e9sidentiel                        <\/p>\n                    <\/div>\n\n                \n                    <div class=\"flex items-center\">\n                        <!-- Check -->\n                        <div class=\"bg-or rounded-full w-6 h-6 min-w-[24px] flex items-center justify-center\">\n                            <i class=\"fe fe-check\"><\/i>\n                        <\/div>\n\n                        <!-- Text -->\n                        <p class=\"text-or p-0 pt-1 pl-3\">\n                            D\u00e9jeuner et d\u00eener d\u2019affaires                        <\/p>\n                    <\/div>\n\n                \n                    <div class=\"flex items-center\">\n                        <!-- Check -->\n                        <div class=\"bg-or rounded-full w-6 h-6 min-w-[24px] flex items-center justify-center\">\n                            <i class=\"fe fe-check\"><\/i>\n                        <\/div>\n\n                        <!-- Text -->\n                        <p class=\"text-or p-0 pt-1 pl-3\">\n                            \u00c9quipements : \u00e9cran, vid\u00e9oprojecteur, Wi-Fi, ordinateur, micro sans fil&#8230;                        <\/p>\n                    <\/div>\n\n                \n                    <div class=\"flex items-center\">\n                        <!-- Check -->\n                        <div class=\"bg-or rounded-full w-6 h-6 min-w-[24px] flex items-center justify-center\">\n                            <i class=\"fe fe-check\"><\/i>\n                        <\/div>\n\n                        <!-- Text -->\n                        <p class=\"text-or p-0 pt-1 pl-3\">\n                            Team building                        <\/p>\n                    <\/div>\n\n                            <\/div>\n\n            <div class=\"md:max-w-4xl mx-auto mt-12\">\n                            <\/div>\n\n        <\/div>\n    <\/div>\n<\/section>\n\n\n<div class=\"wp-block-group\"><div class=\"wp-block-group__inner-container\">\n<h2 class=\"has-text-align-center\">Formulaire de contact<\/h2>\n\n\n\n<div class=\"wp-block-contact-form-7-contact-form-selector\"><div role=\"form\" class=\"wpcf7\" id=\"wpcf7-f1010-o1\" lang=\"fr-FR\" dir=\"ltr\">\n<div class=\"screen-reader-response\"><p role=\"status\" aria-live=\"polite\" aria-atomic=\"true\"><\/p> <ul><\/ul><\/div>\n<form action=\"\/en\/wp-json\/wp\/v2\/pages\/146#wpcf7-f1010-o1\" method=\"post\" class=\"wpcf7-form init\" novalidate=\"novalidate\" data-status=\"init\" data-trp-original-action=\"\/en\/wp-json\/wp\/v2\/pages\/146#wpcf7-f1010-o1\">\n<div style=\"display: none;\">\n<input type=\"hidden\" name=\"_wpcf7\" value=\"1010\" \/>\n<input type=\"hidden\" name=\"_wpcf7_version\" value=\"5.5.4\" \/>\n<input type=\"hidden\" name=\"_wpcf7_locale\" value=\"fr_FR\" \/>\n<input type=\"hidden\" name=\"_wpcf7_unit_tag\" value=\"wpcf7-f1010-o1\" \/>\n<input type=\"hidden\" name=\"_wpcf7_container_post\" value=\"0\" \/>\n<input type=\"hidden\" name=\"_wpcf7_posted_data_hash\" value=\"\" \/>\n<\/div>\n<div class=\"grid grid-cols-1 md:grid-cols-2 gap-8 gap-x-12\">\n<div class=\"flex flex-col w-full col-span-2 md:col-span-1\">\n            <label for=\"Nom\">Nom*<\/label><br \/>\n            <span class=\"wpcf7-form-control-wrap Nom\"><input type=\"text\" name=\"Nom\" value=\"\" size=\"40\" class=\"wpcf7-form-control wpcf7-text wpcf7-validates-as-required form-control\" aria-required=\"true\" aria-invalid=\"false\" placeholder=\"Nom*\" \/><\/span>\n        <\/div>\n<div class=\"flex flex-col w-full col-span-2 md:col-span-1\">\n            <label for=\"Prenom\">Pr\u00e9nom<\/label><br \/>\n            <span class=\"wpcf7-form-control-wrap Prenom\"><input type=\"text\" name=\"Prenom\" value=\"\" size=\"40\" class=\"wpcf7-form-control wpcf7-text form-control\" aria-invalid=\"false\" placeholder=\"Pr\u00e9nom\" \/><\/span>\n        <\/div>\n<div class=\"flex flex-col w-full col-span-2 md:col-span-1\">\n            <label for=\"email\">E-mail*<\/label><br \/>\n            <span class=\"wpcf7-form-control-wrap email\"><input type=\"email\" name=\"email\" value=\"\" size=\"40\" class=\"wpcf7-form-control wpcf7-text wpcf7-email wpcf7-validates-as-required wpcf7-validates-as-email form-control\" aria-required=\"true\" aria-invalid=\"false\" placeholder=\"E-mail\" \/><\/span>\n        <\/div>\n<div class=\"flex flex-col w-full col-span-2 md:col-span-1\">\n            <label for=\"telephone\">T\u00e9l\u00e9phone*<\/label><br \/>\n            <span class=\"wpcf7-form-control-wrap telephone\"><input type=\"tel\" name=\"telephone\" value=\"\" size=\"40\" class=\"wpcf7-form-control wpcf7-text wpcf7-tel wpcf7-validates-as-required wpcf7-validates-as-tel form-control\" aria-required=\"true\" aria-invalid=\"false\" placeholder=\"T\u00e9l\u00e9phone\" \/><\/span>\n        <\/div>\n<div class=\"flex flex-col col-span-2\">\n            <label for=\"textarea\">Message*<\/label><br \/>\n            <span class=\"wpcf7-form-control-wrap textarea\"><textarea name=\"textarea\" cols=\"40\" rows=\"10\" class=\"wpcf7-form-control wpcf7-textarea wpcf7-validates-as-required form-control w-full\" aria-required=\"true\" aria-invalid=\"false\" placeholder=\"Votre message\"><\/textarea><\/span>\n        <\/div>\n<div class=\"flex flex-col col-span-2 relative\">\n            <input type=\"submit\" value=\"Envoyer\" class=\"wpcf7-form-control has-spinner wpcf7-submit w-full btn bg-or\" \/>\n        <\/div>\n<\/div>\n<div class=\"wpcf7-response-output\" aria-hidden=\"true\"><\/div><input type=\"hidden\" name=\"trp-form-language\" value=\"en\"\/><\/form><\/div><\/div>\n<\/div><\/div>","protected":false},"excerpt":{"rendered":"<p>Formulaire de contact<\/p>","protected":false},"author":1,"featured_media":892,"parent":0,"menu_order":0,"comment_status":"closed","ping_status":"closed","template":"","meta":[],"acf":[],"_links":{"self":[{"href":"https:\/\/perigord.staging.mink-agency.com\/en\/wp-json\/wp\/v2\/pages\/146"}],"collection":[{"href":"https:\/\/perigord.staging.mink-agency.com\/en\/wp-json\/wp\/v2\/pages"}],"about":[{"href":"https:\/\/perigord.staging.mink-agency.com\/en\/wp-json\/wp\/v2\/types\/page"}],"author":[{"embeddable":true,"href":"https:\/\/perigord.staging.mink-agency.com\/en\/wp-json\/wp\/v2\/users\/1"}],"replies":[{"embeddable":true,"href":"https:\/\/perigord.staging.mink-agency.com\/en\/wp-json\/wp\/v2\/comments?post=146"}],"version-history":[{"count":25,"href":"https:\/\/perigord.staging.mink-agency.com\/en\/wp-json\/wp\/v2\/pages\/146\/revisions"}],"predecessor-version":[{"id":1355,"href":"https:\/\/perigord.staging.mink-agency.com\/en\/wp-json\/wp\/v2\/pages\/146\/revisions\/1355"}],"wp:featuredmedia":[{"embeddable":true,"href":"https:\/\/perigord.staging.mink-agency.com\/en\/wp-json\/wp\/v2\/media\/892"}],"wp:attachment":[{"href":"https:\/\/perigord.staging.mink-agency.com\/en\/wp-json\/wp\/v2\/media?parent=146"}],"curies":[{"name":"wp","href":"https:\/\/api.w.org\/{rel}","templated":true}]}}